{"id":42,"date":"2022-03-23T13:55:48","date_gmt":"2022-03-23T12:55:48","guid":{"rendered":"https:\/\/fls.leonarddevinci-mayenne.fr\/?page_id=42"},"modified":"2022-05-04T16:10:08","modified_gmt":"2022-05-04T14:10:08","slug":"accueil","status":"publish","type":"page","link":"https:\/\/fls.leonarddevinci-mayenne.fr\/","title":{"rendered":"Accueil"},"content":{"rendered":"\n<div class=\"wp-block-group is-layout-constrained wp-block-group-is-layout-constrained\"><div class=\"wp-block-group__inner-container\">\n<div class=\"wp-block-columns is-layout-flex wp-container-core-columns-is-layout-9d6595d7 wp-block-columns-is-layout-flex\">\n<div class=\"wp-block-column encadre crose is-layout-flow wp-block-column-is-layout-flow\" style=\"flex-basis:450px\">\n<p class=\"has-text-color\" style=\"color:#cc3399\"><strong>VOUS ENTREZ AU LYC\u00c9E<\/strong> <strong>L\u00c9ONARD-DE-VINCI<\/strong><\/p>\n\n\n\n<p>La personne qui dirige le lyc\u00e9e L\u00e9onard-de-Vinci est \u00ab&nbsp;le proviseur&nbsp;\u00bb. <br>Il est aid\u00e9 d\u2019un proviseur-adjoint et d\u2019une \u00e9quipe administrative.<br>Le lyc\u00e9e professionnel pr\u00e9pare les \u00e9l\u00e8ves \u00e0 une insertion plus rapide dans le monde du travail ; certains \u00e9l\u00e8ves peuvent cependant poursuivre des \u00e9tudes sup\u00e9rieures.<br>Vous entrez au lyc\u00e9e pour pr\u00e9parer un BAC PRO ou un CAP.<br>Au lyc\u00e9e, les \u00e9l\u00e8ves b\u00e9n\u00e9ficient d\u2019une grande autonomie. Pour r\u00e9ussir, ils doivent fournir un travail important \u00e0 la maison. <a href=\"https:\/\/fls.leonarddevinci-mayenne.fr\/index.php\/contact\/\">Plus d&rsquo;informations<\/a><\/p>\n<\/div>\n\n\n\n<div class=\"wp-block-column is-layout-flow wp-block-column-is-layout-flow\" style=\"flex-basis:450px\">\n<figure class=\"wp-block-image size-full is-resized\"><img loading=\"lazy\" decoding=\"async\" src=\"https:\/\/fls.leonarddevinci-mayenne.fr\/wp-content\/uploads\/2022\/04\/01FLSite_26W_mm.jpg\" alt=\"\" class=\"wp-image-308\" width=\"450\" height=\"315\"\/><\/figure>\n<\/div>\n<\/div>\n<\/div><\/div>\n\n\n\n<div class=\"wp-block-group encadre corangec is-layout-constrained wp-block-group-is-layout-constrained\"><div class=\"wp-block-group__inner-container\">\n<figure class=\"wp-block-image size-large\"><img loading=\"lazy\" decoding=\"async\" width=\"1024\" height=\"806\" src=\"https:\/\/fls.leonarddevinci-mayenne.fr\/wp-content\/uploads\/2022\/05\/Capture-de\u0301cran-2022-05-04-a\u0300-16.01.58-1024x806.png\" alt=\"\" class=\"wp-image-565\" srcset=\"https:\/\/fls.leonarddevinci-mayenne.fr\/wp-content\/uploads\/2022\/05\/Capture-de\u0301cran-2022-05-04-a\u0300-16.01.58-1024x806.png 1024w, https:\/\/fls.leonarddevinci-mayenne.fr\/wp-content\/uploads\/2022\/05\/Capture-de\u0301cran-2022-05-04-a\u0300-16.01.58-300x236.png 300w, https:\/\/fls.leonarddevinci-mayenne.fr\/wp-content\/uploads\/2022\/05\/Capture-de\u0301cran-2022-05-04-a\u0300-16.01.58-768x604.png 768w, https:\/\/fls.leonarddevinci-mayenne.fr\/wp-content\/uploads\/2022\/05\/Capture-de\u0301cran-2022-05-04-a\u0300-16.01.58-24x19.png 24w, https:\/\/fls.leonarddevinci-mayenne.fr\/wp-content\/uploads\/2022\/05\/Capture-de\u0301cran-2022-05-04-a\u0300-16.01.58-36x28.png 36w, https:\/\/fls.leonarddevinci-mayenne.fr\/wp-content\/uploads\/2022\/05\/Capture-de\u0301cran-2022-05-04-a\u0300-16.01.58-48x38.png 48w, https:\/\/fls.leonarddevinci-mayenne.fr\/wp-content\/uploads\/2022\/05\/Capture-de\u0301cran-2022-05-04-a\u0300-16.01.58.png 1146w\" sizes=\"auto, (max-width: 1024px) 100vw, 1024px\" \/><\/figure>\n<\/div><\/div>\n\n\n\n<div class=\"wp-block-group is-layout-constrained wp-block-group-is-layout-constrained\"><div class=\"wp-block-group__inner-container\">\n<div class=\"wp-block-columns is-layout-flex wp-container-core-columns-is-layout-9d6595d7 wp-block-columns-is-layout-flex\">\n<div class=\"wp-block-column is-vertically-aligned-top encadre corangef is-layout-flow wp-block-column-is-layout-flow\" style=\"flex-basis:450px\">\n<p class=\"has-text-color\" style=\"color:#cc6633\"><strong>R\u00c8GLES DE BASES<\/strong><\/p>\n\n\n\n<figure class=\"wp-block-image size-large\"><a href=\"https:\/\/fls.leonarddevinci-mayenne.fr\/wp-content\/uploads\/2022\/04\/Capture-de%CC%81cran-2022-04-27-a%CC%80-08.42.12-864x1024.png\" target=\"_blank\" rel=\"noopener\"><img loading=\"lazy\" decoding=\"async\" width=\"864\" height=\"1024\" src=\"https:\/\/fls.leonarddevinci-mayenne.fr\/wp-content\/uploads\/2022\/04\/Capture-de\u0301cran-2022-04-27-a\u0300-08.42.12-864x1024.png\" alt=\"\" class=\"wp-image-389\" srcset=\"https:\/\/fls.leonarddevinci-mayenne.fr\/wp-content\/uploads\/2022\/04\/Capture-de\u0301cran-2022-04-27-a\u0300-08.42.12-864x1024.png 864w, https:\/\/fls.leonarddevinci-mayenne.fr\/wp-content\/uploads\/2022\/04\/Capture-de\u0301cran-2022-04-27-a\u0300-08.42.12-253x300.png 253w, https:\/\/fls.leonarddevinci-mayenne.fr\/wp-content\/uploads\/2022\/04\/Capture-de\u0301cran-2022-04-27-a\u0300-08.42.12-768x910.png 768w, https:\/\/fls.leonarddevinci-mayenne.fr\/wp-content\/uploads\/2022\/04\/Capture-de\u0301cran-2022-04-27-a\u0300-08.42.12-20x24.png 20w, https:\/\/fls.leonarddevinci-mayenne.fr\/wp-content\/uploads\/2022\/04\/Capture-de\u0301cran-2022-04-27-a\u0300-08.42.12-30x36.png 30w, https:\/\/fls.leonarddevinci-mayenne.fr\/wp-content\/uploads\/2022\/04\/Capture-de\u0301cran-2022-04-27-a\u0300-08.42.12-41x48.png 41w, https:\/\/fls.leonarddevinci-mayenne.fr\/wp-content\/uploads\/2022\/04\/Capture-de\u0301cran-2022-04-27-a\u0300-08.42.12.png 878w\" sizes=\"auto, (max-width: 864px) 100vw, 864px\" \/><\/a><\/figure>\n<\/div>\n\n\n\n<div class=\"wp-block-column encadre cbleum is-layout-flow wp-block-column-is-layout-flow\" style=\"flex-basis:450px\">\n<p class=\"has-ast-global-color-1-color has-text-color\"><strong>DES MOTS POUR VIVRE ENSEMBLE <\/strong><\/p>\n\n\n\n<div class=\"wp-block-image\"><figure class=\"aligncenter size-full\"><a href=\"https:\/\/fls.leonarddevinci-mayenne.fr\/wp-content\/uploads\/2022\/04\/Capture-de%CC%81cran-2022-04-27-a%CC%80-08.58.18.png\" target=\"_blank\" rel=\"noopener\"><img loading=\"lazy\" decoding=\"async\" width=\"952\" height=\"898\" src=\"https:\/\/fls.leonarddevinci-mayenne.fr\/wp-content\/uploads\/2022\/04\/Capture-de\u0301cran-2022-04-27-a\u0300-08.58.18.png\" alt=\"\" class=\"wp-image-394\" srcset=\"https:\/\/fls.leonarddevinci-mayenne.fr\/wp-content\/uploads\/2022\/04\/Capture-de\u0301cran-2022-04-27-a\u0300-08.58.18.png 952w, https:\/\/fls.leonarddevinci-mayenne.fr\/wp-content\/uploads\/2022\/04\/Capture-de\u0301cran-2022-04-27-a\u0300-08.58.18-300x283.png 300w, https:\/\/fls.leonarddevinci-mayenne.fr\/wp-content\/uploads\/2022\/04\/Capture-de\u0301cran-2022-04-27-a\u0300-08.58.18-768x724.png 768w, https:\/\/fls.leonarddevinci-mayenne.fr\/wp-content\/uploads\/2022\/04\/Capture-de\u0301cran-2022-04-27-a\u0300-08.58.18-24x24.png 24w, https:\/\/fls.leonarddevinci-mayenne.fr\/wp-content\/uploads\/2022\/04\/Capture-de\u0301cran-2022-04-27-a\u0300-08.58.18-36x34.png 36w, https:\/\/fls.leonarddevinci-mayenne.fr\/wp-content\/uploads\/2022\/04\/Capture-de\u0301cran-2022-04-27-a\u0300-08.58.18-48x45.png 48w\" sizes=\"auto, (max-width: 952px) 100vw, 952px\" \/><\/a><\/figure><\/div>\n<\/div>\n<\/div>\n<\/div><\/div>\n\n\n\n<div class=\"wp-block-columns is-layout-flex wp-container-core-columns-is-layout-9d6595d7 wp-block-columns-is-layout-flex\">\n<div class=\"wp-block-column is-layout-flow wp-block-column-is-layout-flow\" style=\"flex-basis:450px\">\n<div class=\"wp-block-columns is-layout-flex wp-container-core-columns-is-layout-9d6595d7 wp-block-columns-is-layout-flex\">\n<div class=\"wp-block-column encadre cvert is-layout-flow wp-block-column-is-layout-flow\" style=\"flex-basis:450px\">\n<p class=\"has-text-color\" style=\"color:#5ea24f\"><strong>UN DISPOSITIF POUR TE SOUTENIR<\/strong><\/p>\n\n\n\n<p>Des professeurs assurent des cours de soutien en fran\u00e7ais au lyc\u00e9e. Tu seras inform\u00e9 si tu peux en b\u00e9n\u00e9ficier.<\/p>\n\n\n\n<p>Mme LERICHE<br>M. ROYER<br>Mme DUCLOS-LEBLANC<br>Mme GRENIER<br>Mme MONTAUFRAY<\/p>\n\n\n\n<p class=\"has-ast-global-color-8-color has-text-color\"><em>SALLE ZEN<\/em><br>Des temps d\u2019\u00e9changes pour pratiquer le fran\u00e7ais.<\/p>\n\n\n\n<p class=\"has-ast-global-color-8-color has-text-color\"><em>DANS TA VIE QUOTIDIENNE<\/em><br>Un professeur du lyc\u00e9e prendra contact avec toi \u2026<\/p>\n\n\n\n<p class=\"has-text-color\" style=\"color:#5ea24f\"><strong>UN DIPL\u00d4ME, LE DELF<\/strong><\/p>\n\n\n\n<p class=\"has-ast-global-color-8-color has-text-color\"><em>QU&rsquo;EST\u2013CE QUE C&rsquo;EST ?<\/em><br>C\u2019est un Dipl\u00f4me d\u2019\u00c9tudes en Langue Fran\u00e7aise.<\/p>\n\n\n\n<p class=\"has-ast-global-color-8-color has-text-color\"><em>POUR QUI ?<\/em><br>Les \u00e9l\u00e8ves scolaris\u00e9s depuis peu en France.<\/p>\n\n\n\n<p class=\"has-ast-global-color-8-color has-text-color\"><em>POUR QUOI FAIRE ?<\/em><br>C\u2019est une attestation utile dans toutes les d\u00e9marches administratives. Ce document a une valeur europ\u00e9enne.<\/p>\n\n\n\n<p class=\"has-ast-global-color-8-color has-text-color\"><em>QUE FAUT\u2013 IL FAIRE POUR L&rsquo;OBTENIR ? <\/em><br>\u00catre inscrit \u00e0 l\u2019examen. R\u00e9ussir le niveau dans lequel on est inscrit. C\u2019est le lyc\u00e9e qui inscrit l\u2019\u00e9l\u00e8ve avec l\u2019accord des parents.<\/p>\n<\/div>\n<\/div>\n<\/div>\n\n\n\n<div class=\"wp-block-column encadre cjaune is-layout-flow wp-block-column-is-layout-flow\" style=\"flex-basis:450px\">\n<p class=\"has-luminous-vivid-amber-color has-text-color\"><strong>QUAND J&rsquo;AI DU TEMPS LIBRE<\/strong>&#8230;<\/p>\n\n\n\n<div class=\"wp-block-columns is-layout-flex wp-container-core-columns-is-layout-9d6595d7 wp-block-columns-is-layout-flex\">\n<div class=\"wp-block-column is-layout-flow wp-block-column-is-layout-flow\">\n<div class=\"wp-block-image\"><figure class=\"alignleft size-full is-resized\"><img loading=\"lazy\" decoding=\"async\" src=\"https:\/\/fls.leonarddevinci-mayenne.fr\/wp-content\/uploads\/2022\/04\/01FLSlivp_38Q_ec.jpg\" alt=\"\" class=\"wp-image-408\" width=\"417\" height=\"555\" srcset=\"https:\/\/fls.leonarddevinci-mayenne.fr\/wp-content\/uploads\/2022\/04\/01FLSlivp_38Q_ec.jpg 664w, https:\/\/fls.leonarddevinci-mayenne.fr\/wp-content\/uploads\/2022\/04\/01FLSlivp_38Q_ec-225x300.jpg 225w, https:\/\/fls.leonarddevinci-mayenne.fr\/wp-content\/uploads\/2022\/04\/01FLSlivp_38Q_ec-18x24.jpg 18w, https:\/\/fls.leonarddevinci-mayenne.fr\/wp-content\/uploads\/2022\/04\/01FLSlivp_38Q_ec-27x36.jpg 27w, https:\/\/fls.leonarddevinci-mayenne.fr\/wp-content\/uploads\/2022\/04\/01FLSlivp_38Q_ec-36x48.jpg 36w\" sizes=\"auto, (max-width: 417px) 100vw, 417px\" \/><figcaption><em>CDI<\/em><br>Pour lire, travailler ou \u00eatre au calme.<\/figcaption><\/figure><\/div>\n<\/div>\n<\/div>\n\n\n\n<div class=\"wp-block-columns is-layout-flex wp-container-core-columns-is-layout-9d6595d7 wp-block-columns-is-layout-flex\">\n<div class=\"wp-block-column is-layout-flow wp-block-column-is-layout-flow\">\n<div class=\"wp-block-image\"><figure class=\"alignright size-full is-resized\"><img decoding=\"async\" src=\"https:\/\/fls.leonarddevinci-mayenne.fr\/wp-content\/uploads\/2022\/04\/01FLSlivp_16Q_ec-2.jpg\" alt=\"\" class=\"wp-image-413\" width=\"-315\" height=\"-418\" srcset=\"https:\/\/fls.leonarddevinci-mayenne.fr\/wp-content\/uploads\/2022\/04\/01FLSlivp_16Q_ec-2.jpg 664w, https:\/\/fls.leonarddevinci-mayenne.fr\/wp-content\/uploads\/2022\/04\/01FLSlivp_16Q_ec-2-225x300.jpg 225w, https:\/\/fls.leonarddevinci-mayenne.fr\/wp-content\/uploads\/2022\/04\/01FLSlivp_16Q_ec-2-18x24.jpg 18w, https:\/\/fls.leonarddevinci-mayenne.fr\/wp-content\/uploads\/2022\/04\/01FLSlivp_16Q_ec-2-27x36.jpg 27w, https:\/\/fls.leonarddevinci-mayenne.fr\/wp-content\/uploads\/2022\/04\/01FLSlivp_16Q_ec-2-36x48.jpg 36w\" sizes=\"(max-width: 664px) 100vw, 664px\" \/><figcaption><em>SALLE DE PERMANENCE<\/em><br>Pour travailler et avoir de l\u2019aide.<\/figcaption><\/figure><\/div>\n<\/div>\n<\/div>\n\n\n\n<div class=\"wp-block-columns is-layout-flex wp-container-core-columns-is-layout-9d6595d7 wp-block-columns-is-layout-flex\">\n<div class=\"wp-block-column is-layout-flow wp-block-column-is-layout-flow\">\n<div class=\"wp-block-image\"><figure class=\"alignleft size-full\"><img loading=\"lazy\" decoding=\"async\" width=\"664\" height=\"886\" src=\"https:\/\/fls.leonarddevinci-mayenne.fr\/wp-content\/uploads\/2022\/04\/01FLSlivp_17Q_ec-1.jpg\" alt=\"\" class=\"wp-image-417\" srcset=\"https:\/\/fls.leonarddevinci-mayenne.fr\/wp-content\/uploads\/2022\/04\/01FLSlivp_17Q_ec-1.jpg 664w, https:\/\/fls.leonarddevinci-mayenne.fr\/wp-content\/uploads\/2022\/04\/01FLSlivp_17Q_ec-1-225x300.jpg 225w, https:\/\/fls.leonarddevinci-mayenne.fr\/wp-content\/uploads\/2022\/04\/01FLSlivp_17Q_ec-1-18x24.jpg 18w, https:\/\/fls.leonarddevinci-mayenne.fr\/wp-content\/uploads\/2022\/04\/01FLSlivp_17Q_ec-1-27x36.jpg 27w, https:\/\/fls.leonarddevinci-mayenne.fr\/wp-content\/uploads\/2022\/04\/01FLSlivp_17Q_ec-1-36x48.jpg 36w\" sizes=\"auto, (max-width: 664px) 100vw, 664px\" \/><figcaption><em>FOYER DES \u00c9L\u00c8VES<\/em><br>Pour partager du temps avec d\u2019autres \u00e9l\u00e8ves.<\/figcaption><\/figure><\/div>\n<\/div>\n<\/div>\n<\/div>\n<\/div>\n\n\n\n<p><\/p>\n","protected":false},"excerpt":{"rendered":"<p>VOUS ENTREZ AU LYC\u00c9E L\u00c9ONARD-DE-VINCI La personne qui dirige le lyc\u00e9e L\u00e9onard-de-Vinci est \u00ab&nbsp;le proviseur&nbsp;\u00bb. Il est aid\u00e9 d\u2019un proviseur-adjoint et d\u2019une \u00e9quipe administrative.Le lyc\u00e9e professionnel pr\u00e9pare les \u00e9l\u00e8ves \u00e0 une insertion plus rapide dans le monde du travail ; certains \u00e9l\u00e8ves peuvent cependant poursuivre des \u00e9tudes sup\u00e9rieures.Vous entrez au lyc\u00e9e pour pr\u00e9parer un BAC &hellip;<\/p>\n<p class=\"read-more\"> <a class=\"\" href=\"https:\/\/fls.leonarddevinci-mayenne.fr\/\"> <span class=\"screen-reader-text\">Accueil<\/span> Lire la suite\u00a0\u00bb<\/a><\/p>\n","protected":false},"author":1,"featured_media":0,"parent":0,"menu_order":0,"comment_status":"closed","ping_status":"closed","template":"","meta":{"site-sidebar-layout":"default","site-content-layout":"default","ast-main-header-display":"","ast-hfb-above-header-display":"","ast-hfb-below-header-display":"","ast-hfb-mobile-header-display":"","site-post-title":"","ast-breadcrumbs-content":"","ast-featured-img":"","footer-sml-layout":"","theme-transparent-header-meta":"","adv-header-id-meta":"","stick-header-meta":"","header-above-stick-meta":"","header-main-stick-meta":"","header-below-stick-meta":"","footnotes":""},"class_list":["post-42","page","type-page","status-publish","hentry"],"yoast_head":"<!-- This site is optimized with the Yoast SEO plugin v18.9 - https:\/\/yoast.com\/wordpress\/plugins\/seo\/ -->\n<title>Accueil -<\/title>\n<meta name=\"robots\" content=\"index, follow, max-snippet:-1, max-image-preview:large, max-video-preview:-1\" \/>\n<link rel=\"canonical\" href=\"https:\/\/fls.leonarddevinci-mayenne.fr\/\" \/>\n<meta property=\"og:locale\" content=\"fr_FR\" \/>\n<meta property=\"og:type\" content=\"article\" \/>\n<meta property=\"og:title\" content=\"Accueil -\" \/>\n<meta property=\"og:description\" content=\"VOUS ENTREZ AU LYC\u00c9E L\u00c9ONARD-DE-VINCI La personne qui dirige le lyc\u00e9e L\u00e9onard-de-Vinci est \u00ab&nbsp;le proviseur&nbsp;\u00bb. Il est aid\u00e9 d\u2019un proviseur-adjoint et d\u2019une \u00e9quipe administrative.Le lyc\u00e9e professionnel pr\u00e9pare les \u00e9l\u00e8ves \u00e0 une insertion plus rapide dans le monde du travail ; certains \u00e9l\u00e8ves peuvent cependant poursuivre des \u00e9tudes sup\u00e9rieures.Vous entrez au lyc\u00e9e pour pr\u00e9parer un BAC &hellip; Accueil Lire la suite\u00a0\u00bb\" \/>\n<meta property=\"og:url\" content=\"https:\/\/fls.leonarddevinci-mayenne.fr\/\" \/>\n<meta property=\"article:modified_time\" content=\"2022-05-04T14:10:08+00:00\" \/>\n<meta property=\"og:image\" content=\"https:\/\/fls.leonarddevinci-mayenne.fr\/wp-content\/uploads\/2022\/04\/01FLSite_26W_mm.jpg\" \/>\n<meta name=\"twitter:card\" content=\"summary_large_image\" \/>\n<meta name=\"twitter:label1\" content=\"Dur\u00e9e de lecture estim\u00e9e\" \/>\n\t<meta name=\"twitter:data1\" content=\"1 minute\" \/>\n<script type=\"application\/ld+json\" class=\"yoast-schema-graph\">{\"@context\":\"https:\/\/schema.org\",\"@graph\":[{\"@type\":\"WebSite\",\"@id\":\"https:\/\/fls.leonarddevinci-mayenne.fr\/#website\",\"url\":\"https:\/\/fls.leonarddevinci-mayenne.fr\/\",\"name\":\"\",\"description\":\"\",\"potentialAction\":[{\"@type\":\"SearchAction\",\"target\":{\"@type\":\"EntryPoint\",\"urlTemplate\":\"https:\/\/fls.leonarddevinci-mayenne.fr\/?s={search_term_string}\"},\"query-input\":\"required name=search_term_string\"}],\"inLanguage\":\"fr-FR\"},{\"@type\":\"ImageObject\",\"inLanguage\":\"fr-FR\",\"@id\":\"https:\/\/fls.leonarddevinci-mayenne.fr\/#primaryimage\",\"url\":\"https:\/\/fls.leonarddevinci-mayenne.fr\/wp-content\/uploads\/2022\/04\/01FLSite_26W_mm.jpg\",\"contentUrl\":\"https:\/\/fls.leonarddevinci-mayenne.fr\/wp-content\/uploads\/2022\/04\/01FLSite_26W_mm.jpg\",\"width\":400,\"height\":300},{\"@type\":\"WebPage\",\"@id\":\"https:\/\/fls.leonarddevinci-mayenne.fr\/#webpage\",\"url\":\"https:\/\/fls.leonarddevinci-mayenne.fr\/\",\"name\":\"Accueil -\",\"isPartOf\":{\"@id\":\"https:\/\/fls.leonarddevinci-mayenne.fr\/#website\"},\"primaryImageOfPage\":{\"@id\":\"https:\/\/fls.leonarddevinci-mayenne.fr\/#primaryimage\"},\"datePublished\":\"2022-03-23T12:55:48+00:00\",\"dateModified\":\"2022-05-04T14:10:08+00:00\",\"breadcrumb\":{\"@id\":\"https:\/\/fls.leonarddevinci-mayenne.fr\/#breadcrumb\"},\"inLanguage\":\"fr-FR\",\"potentialAction\":[{\"@type\":\"ReadAction\",\"target\":[\"https:\/\/fls.leonarddevinci-mayenne.fr\/\"]}]},{\"@type\":\"BreadcrumbList\",\"@id\":\"https:\/\/fls.leonarddevinci-mayenne.fr\/#breadcrumb\",\"itemListElement\":[{\"@type\":\"ListItem\",\"position\":1,\"name\":\"Accueil\",\"item\":\"https:\/\/fls.leonarddevinci-mayenne.fr\/\"},{\"@type\":\"ListItem\",\"position\":2,\"name\":\"Accueil\"}]}]}<\/script>\n<!-- \/ Yoast SEO plugin. -->","yoast_head_json":{"title":"Accueil -","robots":{"index":"index","follow":"follow","max-snippet":"max-snippet:-1","max-image-preview":"max-image-preview:large","max-video-preview":"max-video-preview:-1"},"canonical":"https:\/\/fls.leonarddevinci-mayenne.fr\/","og_locale":"fr_FR","og_type":"article","og_title":"Accueil -","og_description":"VOUS ENTREZ AU LYC\u00c9E L\u00c9ONARD-DE-VINCI La personne qui dirige le lyc\u00e9e L\u00e9onard-de-Vinci est \u00ab&nbsp;le proviseur&nbsp;\u00bb. Il est aid\u00e9 d\u2019un proviseur-adjoint et d\u2019une \u00e9quipe administrative.Le lyc\u00e9e professionnel pr\u00e9pare les \u00e9l\u00e8ves \u00e0 une insertion plus rapide dans le monde du travail ; certains \u00e9l\u00e8ves peuvent cependant poursuivre des \u00e9tudes sup\u00e9rieures.Vous entrez au lyc\u00e9e pour pr\u00e9parer un BAC &hellip; Accueil Lire la suite\u00a0\u00bb","og_url":"https:\/\/fls.leonarddevinci-mayenne.fr\/","article_modified_time":"2022-05-04T14:10:08+00:00","og_image":[{"url":"https:\/\/fls.leonarddevinci-mayenne.fr\/wp-content\/uploads\/2022\/04\/01FLSite_26W_mm.jpg"}],"twitter_card":"summary_large_image","twitter_misc":{"Dur\u00e9e de lecture estim\u00e9e":"1 minute"},"schema":{"@context":"https:\/\/schema.org","@graph":[{"@type":"WebSite","@id":"https:\/\/fls.leonarddevinci-mayenne.fr\/#website","url":"https:\/\/fls.leonarddevinci-mayenne.fr\/","name":"","description":"","potentialAction":[{"@type":"SearchAction","target":{"@type":"EntryPoint","urlTemplate":"https:\/\/fls.leonarddevinci-mayenne.fr\/?s={search_term_string}"},"query-input":"required name=search_term_string"}],"inLanguage":"fr-FR"},{"@type":"ImageObject","inLanguage":"fr-FR","@id":"https:\/\/fls.leonarddevinci-mayenne.fr\/#primaryimage","url":"https:\/\/fls.leonarddevinci-mayenne.fr\/wp-content\/uploads\/2022\/04\/01FLSite_26W_mm.jpg","contentUrl":"https:\/\/fls.leonarddevinci-mayenne.fr\/wp-content\/uploads\/2022\/04\/01FLSite_26W_mm.jpg","width":400,"height":300},{"@type":"WebPage","@id":"https:\/\/fls.leonarddevinci-mayenne.fr\/#webpage","url":"https:\/\/fls.leonarddevinci-mayenne.fr\/","name":"Accueil -","isPartOf":{"@id":"https:\/\/fls.leonarddevinci-mayenne.fr\/#website"},"primaryImageOfPage":{"@id":"https:\/\/fls.leonarddevinci-mayenne.fr\/#primaryimage"},"datePublished":"2022-03-23T12:55:48+00:00","dateModified":"2022-05-04T14:10:08+00:00","breadcrumb":{"@id":"https:\/\/fls.leonarddevinci-mayenne.fr\/#breadcrumb"},"inLanguage":"fr-FR","potentialAction":[{"@type":"ReadAction","target":["https:\/\/fls.leonarddevinci-mayenne.fr\/"]}]},{"@type":"BreadcrumbList","@id":"https:\/\/fls.leonarddevinci-mayenne.fr\/#breadcrumb","itemListElement":[{"@type":"ListItem","position":1,"name":"Accueil","item":"https:\/\/fls.leonarddevinci-mayenne.fr\/"},{"@type":"ListItem","position":2,"name":"Accueil"}]}]}},"_links":{"self":[{"href":"https:\/\/fls.leonarddevinci-mayenne.fr\/index.php\/wp-json\/wp\/v2\/pages\/42","targetHints":{"allow":["GET"]}}],"collection":[{"href":"https:\/\/fls.leonarddevinci-mayenne.fr\/index.php\/wp-json\/wp\/v2\/pages"}],"about":[{"href":"https:\/\/fls.leonarddevinci-mayenne.fr\/index.php\/wp-json\/wp\/v2\/types\/page"}],"author":[{"embeddable":true,"href":"https:\/\/fls.leonarddevinci-mayenne.fr\/index.php\/wp-json\/wp\/v2\/users\/1"}],"replies":[{"embeddable":true,"href":"https:\/\/fls.leonarddevinci-mayenne.fr\/index.php\/wp-json\/wp\/v2\/comments?post=42"}],"version-history":[{"count":85,"href":"https:\/\/fls.leonarddevinci-mayenne.fr\/index.php\/wp-json\/wp\/v2\/pages\/42\/revisions"}],"predecessor-version":[{"id":569,"href":"https:\/\/fls.leonarddevinci-mayenne.fr\/index.php\/wp-json\/wp\/v2\/pages\/42\/revisions\/569"}],"wp:attachment":[{"href":"https:\/\/fls.leonarddevinci-mayenne.fr\/index.php\/wp-json\/wp\/v2\/media?parent=42"}],"curies":[{"name":"wp","href":"https:\/\/api.w.org\/{rel}","templated":true}]}}